{"id":7693,"date":"2021-05-17T12:17:28","date_gmt":"2021-05-17T10:17:28","guid":{"rendered":"http:\/\/kebchi-mouton.fr\/?page_id=7693"},"modified":"2023-12-08T00:38:34","modified_gmt":"2023-12-07T23:38:34","slug":"dons-mosquee","status":"publish","type":"page","link":"https:\/\/musulmans-chatillon.fr\/?page_id=7693","title":{"rendered":"Dons mosquee"},"content":{"rendered":"<p>[et_pb_section fb_built=\u00a0\u00bb1&Prime; fullwidth=\u00a0\u00bbon\u00a0\u00bb next_background_color=\u00a0\u00bb#ffffff\u00a0\u00bb admin_label=\u00a0\u00bbHeader Section\u00a0\u00bb _builder_version=\u00a0\u00bb4.4.0&Prime; background_color=\u00a0\u00bb#000000&Prime; bottom_divider_style=\u00a0\u00bbramp\u00a0\u00bb bottom_divider_flip=\u00a0\u00bbhorizontal\u00a0\u00bb][et_pb_fullwidth_header title=\u00a0\u00bb\u0628\u0627\u0631\u0643 \u0627\u0644\u0644\u0647 \u0641\u064a\u0643\u0645\u00a0\u00bb subhead=\u00a0\u00bbFaire un don\u00a0\u00bb text_orientation=\u00a0\u00bbcenter\u00a0\u00bb button_one_text=\u00a0\u00bbDevenir  volontaire\u00a0\u00bb button_one_url=\u00a0\u00bb@ET-DC@eyJkeW5hbWljIjp0cnVlLCJjb250ZW50IjoicG9zdF9saW5rX3VybF9wYWdlIiwic2V0dGluZ3MiOnsicG9zdF9pZCI6Ijc3MTMifX0=@\u00a0\u00bb content_max_width=\u00a0\u00bb640px\u00a0\u00bb admin_label=\u00a0\u00bbEn-t\u00eate plein \u00e9cran\u00a0\u00bb _builder_version=\u00a0\u00bb4.4.0&Prime; _dynamic_attributes=\u00a0\u00bbbutton_one_url\u00a0\u00bb title_font=\u00a0\u00bb|||on|||||\u00a0\u00bb title_letter_spacing=\u00a0\u00bb3px\u00a0\u00bb title_line_height=\u00a0\u00bb1.5em\u00a0\u00bb content_font=\u00a0\u00bbLora||||||||\u00a0\u00bb content_font_size=\u00a0\u00bb22px\u00a0\u00bb content_line_height=\u00a0\u00bb2em\u00a0\u00bb subhead_font=\u00a0\u00bbLora|700|||||||\u00a0\u00bb subhead_font_size=\u00a0\u00bb60px\u00a0\u00bb subhead_line_height=\u00a0\u00bb1.5em\u00a0\u00bb background_color=\u00a0\u00bbrgba(255,255,255,0)\u00a0\u00bb use_background_color_gradient=\u00a0\u00bbon\u00a0\u00bb background_color_gradient_start=\u00a0\u00bb#EE9F3E\u00a0\u00bb background_color_gradient_end=\u00a0\u00bb#C22329&Prime; background_enable_image=\u00a0\u00bboff\u00a0\u00bb parallax=\u00a0\u00bbon\u00a0\u00bb parallax_method=\u00a0\u00bbon\u00a0\u00bb custom_button_one=\u00a0\u00bbon\u00a0\u00bb button_one_text_size=\u00a0\u00bb16px\u00a0\u00bb button_one_text_color=\u00a0\u00bb#ffffff\u00a0\u00bb button_one_bg_color=\u00a0\u00bb#EE9F3E\u00a0\u00bb button_one_border_width=\u00a0\u00bb15px\u00a0\u00bb button_one_border_color=\u00a0\u00bbrgba(210,159,104,0)\u00a0\u00bb button_one_border_radius=\u00a0\u00bb100px\u00a0\u00bb button_one_letter_spacing=\u00a0\u00bb3px\u00a0\u00bb button_one_font=\u00a0\u00bb|||on|||||\u00a0\u00bb button_one_use_icon=\u00a0\u00bboff\u00a0\u00bb custom_button_two=\u00a0\u00bbon\u00a0\u00bb button_two_text_size=\u00a0\u00bb16px\u00a0\u00bb button_two_text_color=\u00a0\u00bb#ffffff\u00a0\u00bb button_two_bg_color=\u00a0\u00bbrgba(255,255,255,0.35)\u00a0\u00bb button_two_border_width=\u00a0\u00bb15px\u00a0\u00bb button_two_border_color=\u00a0\u00bbrgba(0,0,0,0)\u00a0\u00bb button_two_border_radius=\u00a0\u00bb100px\u00a0\u00bb button_two_letter_spacing=\u00a0\u00bb3px\u00a0\u00bb button_two_font=\u00a0\u00bbOswald|||on|||||\u00a0\u00bb button_two_use_icon=\u00a0\u00bboff\u00a0\u00bb custom_margin=\u00a0\u00bb|||\u00a0\u00bb custom_padding=\u00a0\u00bb90px||90px||true\u00a0\u00bb animation_style=\u00a0\u00bbzoom\u00a0\u00bb animation_duration=\u00a0\u00bb2000ms\u00a0\u00bb animation_intensity_zoom=\u00a0\u00bb4%\u00a0\u00bb subhead_font_size_tablet=\u00a0\u00bb\u00a0\u00bb subhead_font_size_phone=\u00a0\u00bb50px\u00a0\u00bb subhead_font_size_last_edited=\u00a0\u00bbon|desktop\u00a0\u00bb button_one_border_radius_hover=\u00a0\u00bb100px\u00a0\u00bb button_one_bg_color_hover=\u00a0\u00bb#cc8d66&Prime; button_two_bg_color_hover=\u00a0\u00bb#d29f68&Prime; button_one_text_size__hover_enabled=\u00a0\u00bboff\u00a0\u00bb button_two_text_size__hover_enabled=\u00a0\u00bboff\u00a0\u00bb button_one_text_color__hover_enabled=\u00a0\u00bboff\u00a0\u00bb button_two_text_color__hover_enabled=\u00a0\u00bboff\u00a0\u00bb button_one_border_width__hover_enabled=\u00a0\u00bboff\u00a0\u00bb button_two_border_width__hover_enabled=\u00a0\u00bboff\u00a0\u00bb button_one_border_color__hover_enabled=\u00a0\u00bboff\u00a0\u00bb button_two_border_color__hover_enabled=\u00a0\u00bboff\u00a0\u00bb button_one_border_radius__hover_enabled=\u00a0\u00bbon\u00a0\u00bb button_one_border_radius__hover=\u00a0\u00bb100px\u00a0\u00bb button_two_border_radius__hover_enabled=\u00a0\u00bboff\u00a0\u00bb button_one_letter_spacing__hover_enabled=\u00a0\u00bboff\u00a0\u00bb button_two_letter_spacing__hover_enabled=\u00a0\u00bboff\u00a0\u00bb button_one_bg_color__hover_enabled=\u00a0\u00bbon\u00a0\u00bb button_one_bg_color__hover=\u00a0\u00bb#cc8d66&Prime; button_two_bg_color__hover_enabled=\u00a0\u00bbon\u00a0\u00bb button_two_bg_color__hover=\u00a0\u00bb#d29f68&Prime;][\/et_pb_fullwidth_header][\/et_pb_section][et_pb_section fb_built=\u00a0\u00bb1&Prime; _builder_version=\u00a0\u00bb4.4.0&Prime;][et_pb_row _builder_version=\u00a0\u00bb4.4.0&Prime; column_structure=\u00a0\u00bb1_3,1_3,1_3&Prime;][et_pb_column _builder_version=\u00a0\u00bb4.4.0&Prime; type=\u00a0\u00bb1_3&Prime;][et_pb_circle_counter title=\u00a0\u00bbAvancement de la collecte\u00a0\u00bb number=\u00a0\u00bb78&Prime; _builder_version=\u00a0\u00bb4.4.0&Prime; hover_enabled=\u00a0\u00bb0&Prime;][\/et_pb_circle_counter][\/et_pb_column][et_pb_column _builder_version=\u00a0\u00bb4.4.0&Prime; type=\u00a0\u00bb1_3&Prime;][et_pb_number_counter title=\u00a0\u00bbObjectif (en euros)\u00a0\u00bb number=\u00a0\u00bb1150000&Prime; _builder_version=\u00a0\u00bb4.4.0&Prime; hover_enabled=\u00a0\u00bb0&Prime; percent_sign=\u00a0\u00bboff\u00a0\u00bb][\/et_pb_number_counter][\/et_pb_column][et_pb_column _builder_version=\u00a0\u00bb4.4.0&Prime; type=\u00a0\u00bb1_3&Prime;][et_pb_countdown_timer title=\u00a0\u00bbTemps restant pour la collecte\u00a0\u00bb date_time=\u00a0\u00bb2023-12-15 23:59&Prime; _builder_version=\u00a0\u00bb4.4.0&Prime; hover_enabled=\u00a0\u00bb0&Prime;][\/et_pb_countdown_timer][\/et_pb_column][\/et_pb_row][\/et_pb_section][et_pb_section fb_built=\u00a0\u00bb1&Prime; admin_label=\u00a0\u00bbAbout Section\u00a0\u00bb _builder_version=\u00a0\u00bb4.4.0&Prime; custom_padding=\u00a0\u00bb80px|0px|60px|0px|false|false\u00a0\u00bb animation_style=\u00a0\u00bbfold\u00a0\u00bb animation_intensity_fold=\u00a0\u00bb16%\u00a0\u00bb][et_pb_row _builder_version=\u00a0\u00bb4.4.0&Prime;][et_pb_column type=\u00a0\u00bb4_4&Prime; _builder_version=\u00a0\u00bb4.4.0&Prime;][et_pb_image src=\u00a0\u00bbhttps:\/\/musulmans-chatillon.fr\/wp-content\/uploads\/2023\/08\/IMG-20230802-WA0000.jpg\u00a0\u00bb _builder_version=\u00a0\u00bb4.4.0&Prime;][\/et_pb_image][\/et_pb_column][\/et_pb_row][et_pb_row column_structure=\u00a0\u00bb1_2,1_2&Prime; _builder_version=\u00a0\u00bb4.4.0&Prime;][et_pb_column type=\u00a0\u00bb1_2&Prime; _builder_version=\u00a0\u00bb4.4.0&Prime;][et_pb_text _builder_version=\u00a0\u00bb4.4.0&Prime;]<\/p>\n<div dir=\"auto\" style=\"text-align: justify;\"><strong>Appel aux Dons pour finaliser l&rsquo;achat d&rsquo;un pavillon \u00e0 Ch\u00e2tillon 92320<\/strong><\/div>\n<div dir=\"auto\" style=\"text-align: justify;\"><\/div>\n<div dir=\"auto\" style=\"text-align: justify;\">Depuis 2008, l\u2019association AMC92 travaille et collecte gr\u00e2ce aux fid\u00e8les et aux donateurs pour avoir une mosqu\u00e9e dans notre ville.<\/div>\n<div dir=\"auto\" style=\"text-align: justify;\">Cette ann\u00e9e Alhamdoulilah, l&rsquo;association a sign\u00e9 une <strong>promesse de vente<\/strong> du pavillon qui se trouve <strong>au 31 avenue de la libert\u00e9 92320 Chatillon<\/strong>, nous avons un d\u00e9lai jusqu&rsquo;au mois de d\u00e9cembre.<\/div>\n<div dir=\"auto\" style=\"text-align: justify;\">Nous avons besoin en urgence de vous chers fr\u00e8res et s\u0153urs pour concr\u00e9tiser et finaliser cet achat.<\/div>\n<div dir=\"auto\" style=\"text-align: justify;\">Nous comptons beaucoup sur votre g\u00e9n\u00e9rosit\u00e9 et votre implication.<\/div>\n<div dir=\"auto\" style=\"text-align: justify;\">ALLAH le Tout-Puissant a dit : celui qui pr\u00eatera \u00e0 Dieu un bon pr\u00eat (une aum\u00f4ne ou sadaka), ALLAH le r\u00e9compense et lui multiplie pour plusieurs fois son pr\u00eat et sa bonne action.<\/div>\n<div dir=\"auto\" style=\"text-align: justify;\">Le Proph\u00e8te Mohamed (Que la Pri\u00e8re d\u2019Allah (SWT) soit sur Lui) a dit : \u00ab\u00a0Celui qui construit une mosqu\u00e9e pour Allah, Allah lui construira une maison au Paradis\u00a0\u00bb.<\/div>\n<div dir=\"auto\" style=\"text-align: justify;\">Chers fr\u00e8res et s\u0153urs, nous pla\u00e7ons notre confiance en Allah (SWT) puis en Vous pour nous aider \u00e0 atteindre cet objectif.<\/div>\n<div dir=\"auto\" style=\"text-align: justify;\">Pour plus de renseignements, <strong>vous pouvez nous contacter au (+33) 06 99 57 32 29<\/strong>.<\/div>\n<div dir=\"auto\" style=\"text-align: justify;\">BARAKA ALLAH FIKOUM,Q&rsquo;ALLAH vous r\u00e9compense dans ce bas monde et dans l&rsquo;au-del\u00e0.<\/div>\n<p>[\/et_pb_text][\/et_pb_column][et_pb_column type=\u00a0\u00bb1_2&Prime; _builder_version=\u00a0\u00bb4.4.0&Prime;][et_pb_text _builder_version=\u00a0\u00bb4.4.0&Prime;]<\/p>\n<div dir=\"auto\" style=\"text-align: justify;\"><strong>\u062f\u0639\u0648\u0629 \u0644\u0644\u062a\u0628\u0631\u0639\u0627\u062a \u0644\u0634\u0631\u0627\u0621 \u0628\u064a\u062a \u0643\u0628\u064a\u0631 \u0641\u064a \u0645\u062f\u064a\u0646\u0629 \u0634\u0627\u062a\u064a\u0648\u0646 92320<\/strong><\/div>\n<div dir=\"auto\" style=\"text-align: justify;\">\u0628\u0633\u0645 \u0627\u0644\u0644\u0647 \u0627\u0644\u0631\u062d\u0645\u0646 \u0627\u0644\u0631\u062d\u064a\u0645<\/div>\n<div dir=\"auto\" style=\"text-align: justify;\">\u0623\u064a\u0647\u0627 \u0627\u0644\u0625\u062e\u0648\u0629 \u0648\u0627\u0644\u0623\u062e\u0648\u0627\u062a \u0627\u0644\u0623\u0639\u0632\u0627\u0621\u060c<\/div>\n<div dir=\"auto\" style=\"text-align: justify;\">\u062a\u062f\u0639\u0648\u0643\u0645 \u0627\u0644\u062c\u0645\u0639\u064a\u0629 \u0627\u0644\u0625\u0633\u0644\u0627\u0645\u064a\u0629 AMC92 \u0644\u062a\u0642\u062f\u064a\u0645 \u062a\u0628\u0631\u0639\u0627\u062a \u0644\u0644\u062d\u0635\u0648\u0644 \u0639\u0644\u0649 \u0628\u064a\u062a \u0643\u0628\u064a\u0631 \u0641\u064a \u0645\u062f\u064a\u0646\u0629 \u0634\u0627\u062a\u064a\u0648\u0646 Ch\u00e2tillon 92320 \u0648\u0627\u0644\u0630\u064a \u064a\u0643\u0644\u0641 000 150 1 \u20ac\u060c \u0644\u062f\u064a\u0646\u0627 000 800 \u20ac \u0641\u064a \u0627\u0644\u062d\u0633\u0627\u0628\u060c \u0645\u0627 \u0632\u0644\u0646\u0627 \u0628\u062d\u0627\u062c\u0629 \u0625\u0644\u0649 \u0645\u0628\u0644\u063a 000 350 \u20ac.<\/div>\n<div dir=\"auto\" style=\"text-align: justify;\">\u0645\u0646\u0630 \u0639\u0627\u0645 2008\u060c \u062a\u0639\u0645\u0644 \u062c\u0645\u0639\u064a\u0629 AMC92 \u0648\u062a\u062c\u062a\u0647\u062f \u0639\u0644\u0649 \u0625\u0646\u0634\u0627\u0621 \u0645\u0633\u062c\u062f \u0641\u064a \u0645\u062f\u064a\u0646\u062a\u0646\u0627 \u0641\u062a\u062c\u0645\u0639 \u0627\u0644\u0627\u0645\u0648\u0627\u0644 \u0645\u0646 \u0627\u0644\u0627\u062e\u0648\u0629 \u0648\u0627\u0644\u0627\u062e\u0648\u0627\u062a \u0627\u0644\u0645\u062a\u0628\u0631\u0639\u064a\u0646 \u0648\u0627\u0644\u0645\u062a\u0637\u0648\u0639\u064a\u0646 \u0644\u062a\u062d\u0642\u064a\u0642 \u0647\u0630\u0627 \u0627\u0644\u062d\u0644\u0645 \u0648\u0647\u0630\u0627 \u0627\u0644\u0645\u0634\u0631\u0648\u0639.<\/div>\n<div dir=\"auto\" style=\"text-align: justify;\"><strong>\u0647\u0630\u0627 \u0627\u0644\u0639\u0627\u0645 \u0627\u0644\u062d\u0645\u062f \u0644\u0644\u0647\u060c \u0648\u0642\u0639\u062a \u0627\u0644\u062c\u0645\u0639\u064a\u0629 \u0639\u0642\u062f\u0627 \u0644\u0634\u0631\u0627\u0621 \u0627\u0644\u0628\u064a\u062a<\/strong> \u0627\u0644\u0630\u064a \u064a\u0642\u0639 <strong>\u0641\u064a 31 \u0634\u0627\u0631\u0639 \u0627\u0644\u062d\u0631\u064a\u0629 92320 \u0634\u0627\u062a\u064a\u0648\u0646<\/strong>\u060c \u0644\u062f\u064a\u0646\u0627 \u0645\u0648\u0639\u062f \u0646\u0647\u0627\u0626\u064a \u0644\u062f\u0641\u0639 \u0627\u0644\u0645\u0633\u062a\u062d\u0642\u0627\u062a \u062d\u062a\u0649 \u062f\u064a\u0633\u0645\u0628\u0631.<\/div>\n<div dir=\"auto\" style=\"text-align: justify;\">\u0646\u062d\u0646 \u0628\u062d\u0627\u062c\u0629 \u0645\u0627\u0633\u0629 \u0625\u0644\u064a\u0643\u0645 \u0623\u064a\u0647\u0627 \u0627\u0644\u0625\u062e\u0648\u0629 \u0648\u0627\u0644\u0623\u062e\u0648\u0627\u062a \u0627\u0644\u0623\u0639\u0632\u0627\u0621 \u0644\u062a\u062c\u0633\u064a\u062f \u0639\u0645\u0644\u064a\u0629 \u0627\u0644\u0634\u0631\u0627\u0621 \u0647\u0630\u0647 \u0648\u0625\u0646\u0647\u0627\u0626\u0647\u0627.<\/div>\n<div dir=\"auto\" style=\"text-align: justify;\">\u0646\u062d\u0646 \u0646\u0639\u062a\u0645\u062f \u0628\u0634\u0643\u0644 \u0643\u0644\u064a \u0648\u0643\u0627\u0645\u0644 \u0639\u0644\u0649 \u0643\u0631\u0645\u0643\u0645 \u0648\u0645\u0634\u0627\u0631\u0643\u062a\u0643\u0645 \u0627\u0644\u0641\u0639\u0627\u0644\u0629 \u0641\u064a \u0647\u0630\u0627 \u0627\u0644\u0639\u0645\u0644 \u0627\u0644\u062e\u064a\u0631\u064a.<\/div>\n<div dir=\"auto\" style=\"text-align: justify;\">\u0642\u0627\u0644 \u0627\u0644\u0644\u0647 \u0633\u0628\u062d\u0627\u0646\u0647 \u0648\u062a\u0639\u0627\u0644\u0649: \u00a0\u00bb \u0645\u0646 \u0630\u0627 \u0627\u0644\u0630\u064a \u064a\u0642\u0631\u0636 \u0627\u0644\u0644\u0647 \u0642\u0631\u0636\u0627 \u062d\u0633\u0646\u0627 \u0641\u064a\u0636\u0627\u0639\u0641\u0647 \u0644\u0647 \u0627\u0636\u0639\u0627\u0641\u0627 \u0643\u062b\u064a\u0631\u0629 \u00ab\u00a0.<\/div>\n<div dir=\"auto\" style=\"text-align: justify;\">\u0648\u0642\u0627\u0644 \u0627\u0644\u0646\u0628\u064a \u0645\u062d\u0645\u062f (\u0635\u0644\u0649 \u0627\u0644\u0644\u0647 \u0639\u0644\u064a\u0647 \u0648\u062a\u0639\u0627\u0644\u0649): \u00a0\u00bb \u0645\u0646 \u0628\u0646\u0649 \u0645\u0633\u062c\u062f\u0627 \u0644\u0644\u0647\u060c \u0633\u064a\u0628\u0646\u064a \u0627\u0644\u0644\u0647 \u0644\u0647 \u0628\u064a\u062a\u0627 \u0641\u064a \u0627\u0644\u062c\u0646\u0629 \u00ab\u00a0.<\/div>\n<div dir=\"auto\" style=\"text-align: justify;\">\u0623\u064a\u0647\u0627 \u0627\u0644\u0625\u062e\u0648\u0629 \u0648\u0627\u0644\u0623\u062e\u0648\u0627\u062a \u0627\u0644\u0623\u0639\u0632\u0627\u0621\u060c \u0646\u0636\u0639 \u062b\u0642\u062a\u0646\u0627 \u0641\u064a \u0627\u0644\u0644\u0647 (\u0633\u0628\u062d\u0627\u0646\u0647 \u0648\u062a\u0639\u0627\u0644\u0649) \u062b\u0645 \u0641\u064a\u0643\u0645 \u0644\u0645\u0633\u0627\u0639\u062f\u062a\u0646\u0627 \u0639\u0644\u0649 \u062a\u062d\u0642\u064a\u0642 \u0647\u0630\u0627 \u0627\u0644\u0647\u062f\u0641 \u0627\u0644\u0646\u0628\u064a\u0644.<\/div>\n<div dir=\"auto\" style=\"text-align: justify;\">\u0644\u0645\u0632\u064a\u062f \u0645\u0646 \u0627\u0644\u0645\u0639\u0644\u0648\u0645\u0627\u062a\u060c <strong>\u064a\u0645\u0643\u0646\u0643\u0645 \u0627\u0644\u0627\u062a\u0635\u0627\u0644 \u0628\u0646\u0627 \u0639\u0644\u0649 \u0627\u0644\u0631\u0642\u0645 \u0627\u0644\u062a\u0627\u0644\u064a 29 32 57 99 06<\/strong><\/div>\n<div dir=\"auto\" style=\"text-align: justify;\">\u0628\u0627\u0631\u0643 \u0627\u0644\u0644\u0647 \u0641\u064a\u0643\u0645 \u0648\u062c\u0632\u0627\u0643\u0645 \u0627\u0644\u0644\u0647 \u062e\u064a\u0631\u0627 \u0641\u064a \u0627\u0644\u062f\u0646\u064a\u0627 \u0648\u0627\u0644\u0622\u062e\u0631\u0629.<\/div>\n<p>[\/et_pb_text][\/et_pb_column][\/et_pb_row][et_pb_row column_structure=\u00a0\u00bb1_2,1_2&Prime; use_custom_gutter=\u00a0\u00bbon\u00a0\u00bb gutter_width=\u00a0\u00bb1&Prime; disabled_on=\u00a0\u00bboff|off|off\u00a0\u00bb admin_label=\u00a0\u00bbInvolvements Row\u00a0\u00bb _builder_version=\u00a0\u00bb4.4.0&Prime; max_width=\u00a0\u00bb1280px\u00a0\u00bb custom_margin=\u00a0\u00bb|||\u00a0\u00bb custom_padding=\u00a0\u00bb0px|0px|0|0px|false|false\u00a0\u00bb animation_style=\u00a0\u00bbflip\u00a0\u00bb animation_direction=\u00a0\u00bbleft\u00a0\u00bb animation_intensity_flip=\u00a0\u00bb40%\u00a0\u00bb use_custom_width=\u00a0\u00bbon\u00a0\u00bb custom_width_px=\u00a0\u00bb1280px\u00a0\u00bb][et_pb_column type=\u00a0\u00bb1_2&Prime; _builder_version=\u00a0\u00bb4.4.0&Prime; custom_padding=\u00a0\u00bb80px|5%|80px|5%|false|false\u00a0\u00bb custom_padding__hover=\u00a0\u00bb|||\u00a0\u00bb][et_pb_text admin_label=\u00a0\u00bbInvolvement Title &#038; Description\u00a0\u00bb _builder_version=\u00a0\u00bb4.4.0&Prime; text_font=\u00a0\u00bb||||||||\u00a0\u00bb text_font_size=\u00a0\u00bb18px\u00a0\u00bb text_line_height=\u00a0\u00bb2em\u00a0\u00bb ul_font=\u00a0\u00bb||||||||\u00a0\u00bb ol_font=\u00a0\u00bb||||||||\u00a0\u00bb header_font=\u00a0\u00bb||||||||\u00a0\u00bb header_2_font=\u00a0\u00bb||||||||\u00a0\u00bb header_3_font=\u00a0\u00bbLora|700|||||||\u00a0\u00bb header_3_font_size=\u00a0\u00bb34px\u00a0\u00bb header_3_line_height=\u00a0\u00bb1.5em\u00a0\u00bb header_4_font=\u00a0\u00bb||||||||\u00a0\u00bb header_5_font=\u00a0\u00bb|||on|||||\u00a0\u00bb header_5_text_color=\u00a0\u00bb#d29f68&Prime; header_5_font_size=\u00a0\u00bb25px\u00a0\u00bb header_5_letter_spacing=\u00a0\u00bb3px\u00a0\u00bb header_5_line_height=\u00a0\u00bb1.7em\u00a0\u00bb header_6_font=\u00a0\u00bb||||||||\u00a0\u00bb module_alignment=\u00a0\u00bbcenter\u00a0\u00bb custom_margin=\u00a0\u00bb||30px|\u00a0\u00bb animation_style=\u00a0\u00bbfade\u00a0\u00bb animation_delay=\u00a0\u00bb100ms\u00a0\u00bb text_line_height_last_edited=\u00a0\u00bboff|desktop\u00a0\u00bb locked=\u00a0\u00bboff\u00a0\u00bb]<\/p>\n<h5>\u0627\u0644\u062a\u0628\u0631\u0639 \u0628\u0628\u0637\u0627\u0642\u0629 \u0627\u0644\u0627\u0626\u062a\u0645\u0627\u0646<\/h5>\n<h3>01. Carte bancaire<\/h3>\n<p style=\"text-align: left;\">Je donne pour le projet de\u00a0l\u2019association des Musulmans de Ch\u00e2tillon.<\/p>\n<p style=\"text-align: left;\"><strong>Chaque don pourra \u00eatre d\u00e9duit des imp\u00f4ts.<\/strong><\/p>\n<p style=\"text-align: left;\"><strong><\/strong><\/p>\n<p>[\/et_pb_text][et_pb_code _builder_version=\u00a0\u00bb4.4.0&Prime;][\/et_pb_code][et_pb_code _builder_version=\u00a0\u00bb4.4.0&Prime;]<iframe id=\"haWidget\" allowtransparency=\"true\" scrolling=\"auto\" src=\"https:\/\/www.helloasso.com\/associations\/association-des-musulmans-de-chatillon\/formulaires\/1\/widget\" style=\"width:100%;height:750px;border:none;\" onload=\"window.scroll(0, this.offsetTop)\"><\/iframe>[\/et_pb_code][\/et_pb_column][et_pb_column type=\u00a0\u00bb1_2&Prime; admin_label=\u00a0\u00bbColonne\u00a0\u00bb _builder_version=\u00a0\u00bb4.4.0&Prime; background_color=\u00a0\u00bb#0071bc\u00a0\u00bb custom_padding=\u00a0\u00bb80px|5%|80px|5%\u00a0\u00bb custom_padding__hover=\u00a0\u00bb|||\u00a0\u00bb][et_pb_text admin_label=\u00a0\u00bbInvolvement Title &#038; Description\u00a0\u00bb _builder_version=\u00a0\u00bb4.4.0&Prime; text_font=\u00a0\u00bbLora||||||||\u00a0\u00bb text_font_size=\u00a0\u00bb18px\u00a0\u00bb text_line_height=\u00a0\u00bb2em\u00a0\u00bb header_font=\u00a0\u00bb||||||||\u00a0\u00bb header_2_font=\u00a0\u00bb||||||||\u00a0\u00bb header_3_font=\u00a0\u00bbLora|700|||||||\u00a0\u00bb header_3_font_size=\u00a0\u00bb34px\u00a0\u00bb header_3_line_height=\u00a0\u00bb1.5em\u00a0\u00bb header_5_font=\u00a0\u00bb|||on|||||\u00a0\u00bb header_5_text_color=\u00a0\u00bb#ffffff\u00a0\u00bb header_5_font_size=\u00a0\u00bb24px\u00a0\u00bb header_5_letter_spacing=\u00a0\u00bb3px\u00a0\u00bb header_5_line_height=\u00a0\u00bb1.7em\u00a0\u00bb background_layout=\u00a0\u00bbdark\u00a0\u00bb module_alignment=\u00a0\u00bbcenter\u00a0\u00bb custom_margin=\u00a0\u00bb||30px|\u00a0\u00bb text_line_height_last_edited=\u00a0\u00bboff|desktop\u00a0\u00bb]<\/p>\n<h5>\u0627\u0644\u062a\u0628\u0631\u0639 \u0639\u0646 \u0637\u0631\u064a\u0642 \u0627\u0644\u0628\u0646\u0643<\/h5>\n<h3>02. Virement bancaire (RIB)<\/h3>\n<p>Je donne pour le projet de l&rsquo;association des Musulmans de Ch\u00e2tillon par <strong>virement bancaire<\/strong><\/p>\n<p>[\/et_pb_text][et_pb_text _builder_version=\u00a0\u00bb4.4.0&Prime; background_color=\u00a0\u00bb#ffffff\u00a0\u00bb text_orientation=\u00a0\u00bbcenter\u00a0\u00bb module_alignment=\u00a0\u00bbcenter\u00a0\u00bb custom_margin=\u00a0\u00bb||||false|false\u00a0\u00bb custom_padding=\u00a0\u00bb10px||10px||false|false\u00a0\u00bb animation_style=\u00a0\u00bbbounce\u00a0\u00bb animation_direction=\u00a0\u00bbtop\u00a0\u00bb box_shadow_style=\u00a0\u00bbpreset1&Prime;]<\/p>\n<p style=\"text-align: left; padding-left: 60px;\"><strong>IBAN : <\/strong>FR76 1820 6002 6160 2351 7173 931<\/p>\n<p style=\"text-align: left; padding-left: 60px;\"><strong>BIC :<\/strong> AGRIFRPP882<\/p>\n<p>[\/et_pb_text][et_pb_button button_url=\u00a0\u00bbhttps:\/\/musulmans-chatillon.fr\/wp-content\/uploads\/2023\/08\/RIB_ASSOC__DES_MUSULMANS_DE_1739.pdf\u00a0\u00bb url_new_window=\u00a0\u00bbon\u00a0\u00bb button_text=\u00a0\u00bbT\u00e9l\u00e9charger (PDF)\u00a0\u00bb button_alignment=\u00a0\u00bbcenter\u00a0\u00bb _builder_version=\u00a0\u00bb4.4.0&Prime; custom_button=\u00a0\u00bbon\u00a0\u00bb button_text_color=\u00a0\u00bb#ffffff\u00a0\u00bb button_bg_color=\u00a0\u00bb#e09900&Prime; button_border_width=\u00a0\u00bb0px\u00a0\u00bb button_border_radius=\u00a0\u00bb21px\u00a0\u00bb custom_margin=\u00a0\u00bb30px||-50px||false|false\u00a0\u00bb][\/et_pb_button][\/et_pb_column][\/et_pb_row][\/et_pb_section]<\/p>\n","protected":false},"excerpt":{"rendered":"<p>[et_pb_section fb_built=\u00a0\u00bb1&Prime; fullwidth=\u00a0\u00bbon\u00a0\u00bb next_background_color=\u00a0\u00bb#ffffff\u00a0\u00bb admin_label=\u00a0\u00bbHeader Section\u00a0\u00bb _builder_version=\u00a0\u00bb4.4.0&Prime; background_color=\u00a0\u00bb#000000&Prime; bottom_divider_style=\u00a0\u00bbramp\u00a0\u00bb bottom_divider_flip=\u00a0\u00bbhorizontal\u00a0\u00bb][et_pb_fullwidth_header title=\u00a0\u00bb\u0628\u0627\u0631\u0643 \u0627\u0644\u0644\u0647 \u0641\u064a\u0643\u0645\u00a0\u00bb subhead=\u00a0\u00bbFaire un don\u00a0\u00bb text_orientation=\u00a0\u00bbcenter\u00a0\u00bb button_one_text=\u00a0\u00bbDevenir volontaire\u00a0\u00bb button_one_url=\u00a0\u00bb@ET-DC@eyJkeW5hbWljIjp0cnVlLCJjb250ZW50IjoicG9zdF9saW5rX3VybF9wYWdlIiwic2V0dGluZ3MiOnsicG9zdF9pZCI6Ijc3MTMifX0=@\u00a0\u00bb content_max_width=\u00a0\u00bb640px\u00a0\u00bb admin_label=\u00a0\u00bbEn-t\u00eate plein \u00e9cran\u00a0\u00bb _builder_version=\u00a0\u00bb4.4.0&Prime; _dynamic_attributes=\u00a0\u00bbbutton_one_url\u00a0\u00bb title_font=\u00a0\u00bb|||on|||||\u00a0\u00bb title_letter_spacing=\u00a0\u00bb3px\u00a0\u00bb title_line_height=\u00a0\u00bb1.5em\u00a0\u00bb content_font=\u00a0\u00bbLora||||||||\u00a0\u00bb content_font_size=\u00a0\u00bb22px\u00a0\u00bb content_line_height=\u00a0\u00bb2em\u00a0\u00bb subhead_font=\u00a0\u00bbLora|700|||||||\u00a0\u00bb subhead_font_size=\u00a0\u00bb60px\u00a0\u00bb subhead_line_height=\u00a0\u00bb1.5em\u00a0\u00bb background_color=\u00a0\u00bbrgba(255,255,255,0)\u00a0\u00bb use_background_color_gradient=\u00a0\u00bbon\u00a0\u00bb background_color_gradient_start=\u00a0\u00bb#EE9F3E\u00a0\u00bb background_color_gradient_end=\u00a0\u00bb#C22329&Prime; background_enable_image=\u00a0\u00bboff\u00a0\u00bb parallax=\u00a0\u00bbon\u00a0\u00bb parallax_method=\u00a0\u00bbon\u00a0\u00bb custom_button_one=\u00a0\u00bbon\u00a0\u00bb button_one_text_size=\u00a0\u00bb16px\u00a0\u00bb button_one_text_color=\u00a0\u00bb#ffffff\u00a0\u00bb button_one_bg_color=\u00a0\u00bb#EE9F3E\u00a0\u00bb button_one_border_width=\u00a0\u00bb15px\u00a0\u00bb button_one_border_color=\u00a0\u00bbrgba(210,159,104,0)\u00a0\u00bb button_one_border_radius=\u00a0\u00bb100px\u00a0\u00bb button_one_letter_spacing=\u00a0\u00bb3px\u00a0\u00bb button_one_font=\u00a0\u00bb|||on|||||\u00a0\u00bb button_one_use_icon=\u00a0\u00bboff\u00a0\u00bb custom_button_two=\u00a0\u00bbon\u00a0\u00bb button_two_text_size=\u00a0\u00bb16px\u00a0\u00bb button_two_text_color=\u00a0\u00bb#ffffff\u00a0\u00bb [&hellip;]<\/p>\n","protected":false},"author":2,"featured_media":0,"parent":0,"menu_order":0,"comment_status":"closed","ping_status":"closed","template":"","meta":{"_et_pb_use_builder":"on","_et_pb_old_content":"","_et_gb_content_width":"","footnotes":""},"_links":{"self":[{"href":"https:\/\/musulmans-chatillon.fr\/index.php?rest_route=\/wp\/v2\/pages\/7693"}],"collection":[{"href":"https:\/\/musulmans-chatillon.fr\/index.php?rest_route=\/wp\/v2\/pages"}],"about":[{"href":"https:\/\/musulmans-chatillon.fr\/index.php?rest_route=\/wp\/v2\/types\/page"}],"author":[{"embeddable":true,"href":"https:\/\/musulmans-chatillon.fr\/index.php?rest_route=\/wp\/v2\/users\/2"}],"replies":[{"embeddable":true,"href":"https:\/\/musulmans-chatillon.fr\/index.php?rest_route=%2Fwp%2Fv2%2Fcomments&post=7693"}],"version-history":[{"count":32,"href":"https:\/\/musulmans-chatillon.fr\/index.php?rest_route=\/wp\/v2\/pages\/7693\/revisions"}],"predecessor-version":[{"id":12852,"href":"https:\/\/musulmans-chatillon.fr\/index.php?rest_route=\/wp\/v2\/pages\/7693\/revisions\/12852"}],"wp:attachment":[{"href":"https:\/\/musulmans-chatillon.fr\/index.php?rest_route=%2Fwp%2Fv2%2Fmedia&parent=7693"}],"curies":[{"name":"wp","href":"https:\/\/api.w.org\/{rel}","templated":true}]}}